{"id":19592,"date":"2025-03-21T10:56:43","date_gmt":"2025-03-21T10:56:43","guid":{"rendered":"https:\/\/medicaldiscounter.be\/product\/bsn-medical-cutimed-siltec-b-bandage-en-mousse-avec-bordure-73284-00-1-piece\/"},"modified":"2025-12-11T13:47:57","modified_gmt":"2025-12-11T13:47:57","slug":"bsn-medical-cutimed-siltec-b-bandage-en-mousse-avec-bordure-73284-00-1-piece","status":"publish","type":"product","link":"https:\/\/medicaldiscounter.be\/fr\/produit\/bsn-medical-cutimed-siltec-b-bandage-en-mousse-avec-bordure-73284-00-1-piece\/","title":{"rendered":"BSN Medical Cutimed Siltec B Bandage en mousse avec bordure 73284-00 | 1 pi\u00e8ce"},"content":{"rendered":"<p>Cutimed Siltec B est un pansement en mousse avanc\u00e9 avec des particules superabsorbantes et une couche de contact avec la plaie en silicone, sp\u00e9cialement con\u00e7u pour soigner les plaies pr\u00e9sentant diff\u00e9rents niveaux d&#8217;humidit\u00e9. Ce pansement offre une protection et une absorption optimales pour les plaies chroniques et aigu\u00ebs, tandis que sa couche de contact avec la plaie en silicone permet de le retirer facilement sans traumatiser la plaie ou la peau environnante. <\/p>\n<p><strong>Caract\u00e9ristiques et fonctions :<\/strong><\/p>\n<ul>\n<li><strong>Couche sup\u00e9rieure en polyur\u00e9thane hautement respirant :<\/strong> assure l&#8217;\u00e9vaporation du liquide de la plaie et emp\u00eache les fuites.<\/li>\n<li><strong>Superabsorbants puissants :<\/strong> absorption et r\u00e9tention fiables pour les plaies avec peu ou beaucoup de liquide.<\/li>\n<li><strong>Structure de mousse ouverte et poreuse :<\/strong> le liquide de la plaie est rapidement et efficacement absorb\u00e9 et maintenu \u00e0 l&#8217;\u00e9cart des bords de la plaie.<\/li>\n<li><strong>Couche de contact avec la plaie en silicone perfor\u00e9 :<\/strong> facilite l&#8217;absorption de l&#8217;humidit\u00e9 et les changements de pansement atraumatiques.<\/li>\n<li><strong>Diff\u00e9rentes tailles et formes disponibles :<\/strong> Du carr\u00e9 standard aux bandages con\u00e7us sp\u00e9cifiquement pour le sacrum et les talons.<\/li>\n<\/ul>\n<p><strong>Sp\u00e9cifications du produit :<\/strong><\/p>\n<ul>\n<li><strong>Dimensions :<\/strong> 7,5 x 7,5 cm<\/li>\n<li><strong>Num\u00e9ro de r\u00e9f\u00e9rence : 73284-00<\/strong> <\/li>\n<li><strong>Conditionnement :<\/strong> 1 pi\u00e8ce par paquet<\/li>\n<\/ul>\n<p><strong>Applications :<\/strong><\/p>\n<ul>\n<li>Convient aux plaies chroniques et aigu\u00ebs.<\/li>\n<li>A utiliser sur les plaies superficielles \u00e0 cicatrisation secondaire.<\/li>\n<li>La suture en silicone prot\u00e8ge le nouveau tissu et permet l&#8217;inspection de la plaie.<\/li>\n<li>Le pansement peut rester en place jusqu \u00ab \u00e0 7 jours, en fonction de l \u00bb \u00e9tat de la plaie et du niveau de liquide.<\/li>\n<\/ul>\n<p><strong>Composition :<\/strong><\/p>\n<ul>\n<li>Fabriqu\u00e9 en mousse de polyur\u00e9thane, avec une couche de contact en silicone et une couche sup\u00e9rieure en film perm\u00e9able \u00e0 l&#8217;air et \u00e0 la vapeur d&#8217;eau.<\/li>\n<\/ul>\n<p><strong>Variantes :<\/strong><\/p>\n<ul>\n<li>Disponibles en plusieurs tailles et formes, telles que les bandages standard, ovales, en forme de talon et en forme de sacrum.<\/li>\n<\/ul>\n<p>Id\u00e9al pour les patients n\u00e9cessitant des soins \u00e0 long terme, ce pansement offre une solution fiable et confortable pour la protection et l&#8217;absorption des plaies.<\/p>\n","protected":false},"excerpt":{"rendered":"<p>Cutimed Siltec B est un pansement en mousse avanc\u00e9 avec des particules superabsorbantes et une couche de contact avec la plaie en silicone, sp\u00e9cialement con\u00e7u pour soigner les plaies pr\u00e9sentant diff\u00e9rents niveaux d&#8217;humidit\u00e9. Ce pansement offre une protection et une absorption optimales pour les plaies chroniques et aigu\u00ebs, tandis que sa couche de contact avec [&hellip;]<\/p>\n","protected":false},"featured_media":19194,"template":"","meta":[],"product_brand":[],"product_cat":[162],"product_tag":[],"class_list":{"0":"post-19592","1":"product","2":"type-product","3":"status-publish","4":"has-post-thumbnail","6":"product_cat-non-categorise","8":"first","9":"instock","10":"taxable","11":"shipping-taxable","12":"purchasable","13":"product-type-simple","14":"add-to-wishlist-after_add_to_cart"},"jetpack_sharing_enabled":true,"_links":{"self":[{"href":"https:\/\/medicaldiscounter.be\/fr\/wp-json\/wp\/v2\/product\/19592","targetHints":{"allow":["GET"]}}],"collection":[{"href":"https:\/\/medicaldiscounter.be\/fr\/wp-json\/wp\/v2\/product"}],"about":[{"href":"https:\/\/medicaldiscounter.be\/fr\/wp-json\/wp\/v2\/types\/product"}],"wp:featuredmedia":[{"embeddable":true,"href":"https:\/\/medicaldiscounter.be\/fr\/wp-json\/wp\/v2\/media\/19194"}],"wp:attachment":[{"href":"https:\/\/medicaldiscounter.be\/fr\/wp-json\/wp\/v2\/media?parent=19592"}],"wp:term":[{"taxonomy":"product_brand","embeddable":true,"href":"https:\/\/medicaldiscounter.be\/fr\/wp-json\/wp\/v2\/product_brand?post=19592"},{"taxonomy":"product_cat","embeddable":true,"href":"https:\/\/medicaldiscounter.be\/fr\/wp-json\/wp\/v2\/product_cat?post=19592"},{"taxonomy":"product_tag","embeddable":true,"href":"https:\/\/medicaldiscounter.be\/fr\/wp-json\/wp\/v2\/product_tag?post=19592"}],"curies":[{"name":"wp","href":"https:\/\/api.w.org\/{rel}","templated":true}]}}