{"id":19595,"date":"2025-03-21T10:56:52","date_gmt":"2025-03-21T10:56:52","guid":{"rendered":"https:\/\/medicaldiscounter.be\/product\/cosmopor-advance-10x8-cm-25-st-901013\/"},"modified":"2025-12-11T13:47:56","modified_gmt":"2025-12-11T13:47:56","slug":"cosmopor-advance-10x8-cm-25-st-901013","status":"publish","type":"product","link":"https:\/\/medicaldiscounter.be\/fr\/produit\/cosmopor-advance-10x8-cm-25-st-901013\/","title":{"rendered":"COSMOPOR Advance 10&#215;8 cm 25 ST 901013"},"content":{"rendered":"<p>Am\u00e9liorez le soin de vos plaies avec COSMOPOR Advance, le pansement auto-adh\u00e9sif qui offre un niveau \u00e9lev\u00e9 de confort, d&#8217;absorption et de protection. Cet emballage contient 25 pi\u00e8ces du pansement COSMOPOR Advance, chacune mesurant 10&#215;8 cm. <\/p>\n<p><strong>Caract\u00e9ristiques principales :<\/strong><\/p>\n<ul>\n<li><strong>Technologie innovante DryBarrier\u00ae :<\/strong> le tampon pour plaie centrale dot\u00e9 de la technologie DryBarrier\u00ae utilise un filet de poly\u00e9thyl\u00e8ne \u00e0 mailles fines comme couche de contact avec la plaie, ce qui l&#8217;emp\u00eache de coller \u00e0 la plaie. Une couche de transfert intelligente dirige l&#8217;exsudat vers la couche d&#8217;absorption, o\u00f9 il est stock\u00e9 en permanence pour \u00e9viter toute r\u00e9humidification. <\/li>\n<li><strong>Absorption exceptionnelle : <\/strong>COSMOPOR Advance offre un pouvoir d&#8217;absorption \u00e9lev\u00e9 et une grande capacit\u00e9 de stockage, ce qui le rend id\u00e9al pour les plaies avec exsudation. Il a \u00e9galement un effet de rembourrage suppl\u00e9mentaire pour un confort optimal. <\/li>\n<li><strong>Adh\u00e9sif hypoallerg\u00e9nique :<\/strong> gr\u00e2ce \u00e0 l&#8217;adh\u00e9sif synth\u00e9tique hypoallerg\u00e9nique, COSMOPOR Advance est tr\u00e8s respectueux de la peau. Ses propri\u00e9t\u00e9s adh\u00e9sives garantissent une fixation ferme mais confortable. <\/li>\n<li><strong>Taille pratique :<\/strong> avec une taille de 10&#215;8 cm, chaque pansement convient \u00e0 diff\u00e9rents types de plaies. Ce paquet contient 25 pi\u00e8ces, ce qui vous permet de disposer d&#8217;une quantit\u00e9 suffisante pour r\u00e9pondre \u00e0 diff\u00e9rents besoins en mati\u00e8re de soins des plaies. <\/li>\n<\/ul>\n<p>Passez \u00e0 COSMOPOR Advance pour une approche avanc\u00e9e et attentive du traitement des plaies. Il associe une technologie innovante \u00e0 une grande facilit\u00e9 d&#8217;utilisation, ce qui en fait un choix fiable pour les professionnels et les soignants. <\/p>\n","protected":false},"excerpt":{"rendered":"<p>Am\u00e9liorez le soin de vos plaies avec COSMOPOR Advance, le pansement auto-adh\u00e9sif qui offre un niveau \u00e9lev\u00e9 de confort, d&#8217;absorption et de protection. Cet emballage contient 25 pi\u00e8ces du pansement COSMOPOR Advance, chacune mesurant 10&#215;8 cm. Caract\u00e9ristiques principales : Technologie innovante DryBarrier\u00ae : le tampon pour plaie centrale dot\u00e9 de la technologie DryBarrier\u00ae utilise un [&hellip;]<\/p>\n","protected":false},"featured_media":19198,"template":"","meta":[],"product_brand":[],"product_cat":[189],"product_tag":[],"class_list":{"0":"post-19595","1":"product","2":"type-product","3":"status-publish","4":"has-post-thumbnail","6":"product_cat-hartmann-pansements-adhesifs-cosmopor","8":"first","9":"instock","10":"sale","11":"taxable","12":"shipping-taxable","13":"purchasable","14":"product-type-simple","15":"add-to-wishlist-after_add_to_cart"},"jetpack_sharing_enabled":true,"_links":{"self":[{"href":"https:\/\/medicaldiscounter.be\/fr\/wp-json\/wp\/v2\/product\/19595","targetHints":{"allow":["GET"]}}],"collection":[{"href":"https:\/\/medicaldiscounter.be\/fr\/wp-json\/wp\/v2\/product"}],"about":[{"href":"https:\/\/medicaldiscounter.be\/fr\/wp-json\/wp\/v2\/types\/product"}],"wp:featuredmedia":[{"embeddable":true,"href":"https:\/\/medicaldiscounter.be\/fr\/wp-json\/wp\/v2\/media\/19198"}],"wp:attachment":[{"href":"https:\/\/medicaldiscounter.be\/fr\/wp-json\/wp\/v2\/media?parent=19595"}],"wp:term":[{"taxonomy":"product_brand","embeddable":true,"href":"https:\/\/medicaldiscounter.be\/fr\/wp-json\/wp\/v2\/product_brand?post=19595"},{"taxonomy":"product_cat","embeddable":true,"href":"https:\/\/medicaldiscounter.be\/fr\/wp-json\/wp\/v2\/product_cat?post=19595"},{"taxonomy":"product_tag","embeddable":true,"href":"https:\/\/medicaldiscounter.be\/fr\/wp-json\/wp\/v2\/product_tag?post=19595"}],"curies":[{"name":"wp","href":"https:\/\/api.w.org\/{rel}","templated":true}]}}