{"id":19596,"date":"2025-03-21T10:56:38","date_gmt":"2025-03-21T10:56:38","guid":{"rendered":"https:\/\/medicaldiscounter.be\/product\/bd-microfine-ultra-pen-needle-320586-0-25-x-5-mm-31g-100-pieces\/"},"modified":"2025-12-02T01:07:53","modified_gmt":"2025-12-02T01:07:53","slug":"bd-microfine-ultra-pen-needle-320586-0-25-x-5-mm-31g-100-pieces","status":"publish","type":"product","link":"https:\/\/medicaldiscounter.be\/fr\/produit\/bd-microfine-ultra-pen-needle-320586-0-25-x-5-mm-31g-100-pieces\/","title":{"rendered":"BD Microfine Ultra Pen Needle 320586 | 0.25 x 5 mm (31G) \/100 pi\u00e8ces"},"content":{"rendered":"<p>L&#8217;aiguille stylo BD Microfine Ultra 320586 (0,25 x 5 mm, 31G) offre un maximum de pr\u00e9cision et de confort pour les injections d&#8217;insuline. Ces aiguilles de stylo ultrafines permettent une exp\u00e9rience indolore gr\u00e2ce \u00e0 leur \u00e9paisseur fine et \u00e0 leur pointe ac\u00e9r\u00e9e. Elles peuvent \u00eatre utilis\u00e9es avec la plupart des stylos \u00e0 insuline et favorisent une administration r\u00e9guli\u00e8re d&#8217;insuline. Les aiguilles sont con\u00e7ues pour un usage unique, ce qui contribue \u00e0 l&#8217;hygi\u00e8ne et r\u00e9duit le risque d&#8217;infection. Id\u00e9ales pour une utilisation quotidienne par les patients diab\u00e9tiques.    <\/p>\n","protected":false},"excerpt":{"rendered":"<p>L&#8217;aiguille stylo BD Microfine Ultra 320586 (0,25 x 5 mm, 31G) offre un maximum de pr\u00e9cision et de confort pour les injections d&#8217;insuline. Ces aiguilles de stylo ultrafines permettent une exp\u00e9rience indolore gr\u00e2ce \u00e0 leur \u00e9paisseur fine et \u00e0 leur pointe ac\u00e9r\u00e9e. Elles peuvent \u00eatre utilis\u00e9es avec la plupart des stylos \u00e0 insuline et favorisent [&hellip;]<\/p>\n","protected":false},"featured_media":19192,"template":"","meta":[],"product_brand":[],"product_cat":[162],"product_tag":[],"class_list":{"0":"post-19596","1":"product","2":"type-product","3":"status-publish","4":"has-post-thumbnail","6":"product_cat-non-categorise","8":"first","9":"instock","10":"taxable","11":"shipping-taxable","12":"purchasable","13":"product-type-simple","14":"add-to-wishlist-after_add_to_cart"},"jetpack_sharing_enabled":true,"_links":{"self":[{"href":"https:\/\/medicaldiscounter.be\/fr\/wp-json\/wp\/v2\/product\/19596","targetHints":{"allow":["GET"]}}],"collection":[{"href":"https:\/\/medicaldiscounter.be\/fr\/wp-json\/wp\/v2\/product"}],"about":[{"href":"https:\/\/medicaldiscounter.be\/fr\/wp-json\/wp\/v2\/types\/product"}],"wp:featuredmedia":[{"embeddable":true,"href":"https:\/\/medicaldiscounter.be\/fr\/wp-json\/wp\/v2\/media\/19192"}],"wp:attachment":[{"href":"https:\/\/medicaldiscounter.be\/fr\/wp-json\/wp\/v2\/media?parent=19596"}],"wp:term":[{"taxonomy":"product_brand","embeddable":true,"href":"https:\/\/medicaldiscounter.be\/fr\/wp-json\/wp\/v2\/product_brand?post=19596"},{"taxonomy":"product_cat","embeddable":true,"href":"https:\/\/medicaldiscounter.be\/fr\/wp-json\/wp\/v2\/product_cat?post=19596"},{"taxonomy":"product_tag","embeddable":true,"href":"https:\/\/medicaldiscounter.be\/fr\/wp-json\/wp\/v2\/product_tag?post=19596"}],"curies":[{"name":"wp","href":"https:\/\/api.w.org\/{rel}","templated":true}]}}