{"id":19598,"date":"2025-03-21T10:56:34","date_gmt":"2025-03-21T10:56:34","guid":{"rendered":"https:\/\/medicaldiscounter.be\/product\/bd-microfine-pen-needle-320792-0-25-mm-x-8-mm-31g-aiguilles-a-insuline-100-pieces\/"},"modified":"2025-12-11T13:47:56","modified_gmt":"2025-12-11T13:47:56","slug":"bd-microfine-pen-needle-320792-0-25-mm-x-8-mm-31g-aiguilles-a-insuline-100-pieces","status":"publish","type":"product","link":"https:\/\/medicaldiscounter.be\/fr\/produit\/bd-microfine-pen-needle-320792-0-25-mm-x-8-mm-31g-aiguilles-a-insuline-100-pieces\/","title":{"rendered":"BD Microfine Pen Needle 320792 | 0.25 mm x 8 mm (31G) &#8211; Aiguilles \u00e0 insuline\/100 pi\u00e8ces"},"content":{"rendered":"<p>L&#8217;aiguille pour stylo BD Microfine 320792 (0,25 mm x 8 mm, 31G) est con\u00e7ue pour des injections d&#8217;insuline confortables et efficaces. Compatibles avec la plupart des stylos \u00e0 insuline, ces aiguilles pour stylo offrent une pr\u00e9cision avec une douleur minimale. L&#8217;aiguille ultra-mince rend l&#8217;injection facile et douce. Les aiguilles sont destin\u00e9es \u00e0 un usage unique, ce qui favorise la s\u00e9curit\u00e9 et l&#8217;hygi\u00e8ne.   <\/p>\n","protected":false},"excerpt":{"rendered":"<p>L&#8217;aiguille pour stylo BD Microfine 320792 (0,25 mm x 8 mm, 31G) est con\u00e7ue pour des injections d&#8217;insuline confortables et efficaces. Compatibles avec la plupart des stylos \u00e0 insuline, ces aiguilles pour stylo offrent une pr\u00e9cision avec une douleur minimale. L&#8217;aiguille ultra-mince rend l&#8217;injection facile et douce. Les aiguilles sont destin\u00e9es \u00e0 un usage unique, [&hellip;]<\/p>\n","protected":false},"featured_media":19190,"template":"","meta":[],"product_brand":[],"product_cat":[162],"product_tag":[],"class_list":{"0":"post-19598","1":"product","2":"type-product","3":"status-publish","4":"has-post-thumbnail","6":"product_cat-non-categorise","8":"first","9":"instock","10":"taxable","11":"shipping-taxable","12":"purchasable","13":"product-type-simple","14":"add-to-wishlist-after_add_to_cart"},"jetpack_sharing_enabled":true,"_links":{"self":[{"href":"https:\/\/medicaldiscounter.be\/fr\/wp-json\/wp\/v2\/product\/19598","targetHints":{"allow":["GET"]}}],"collection":[{"href":"https:\/\/medicaldiscounter.be\/fr\/wp-json\/wp\/v2\/product"}],"about":[{"href":"https:\/\/medicaldiscounter.be\/fr\/wp-json\/wp\/v2\/types\/product"}],"wp:featuredmedia":[{"embeddable":true,"href":"https:\/\/medicaldiscounter.be\/fr\/wp-json\/wp\/v2\/media\/19190"}],"wp:attachment":[{"href":"https:\/\/medicaldiscounter.be\/fr\/wp-json\/wp\/v2\/media?parent=19598"}],"wp:term":[{"taxonomy":"product_brand","embeddable":true,"href":"https:\/\/medicaldiscounter.be\/fr\/wp-json\/wp\/v2\/product_brand?post=19598"},{"taxonomy":"product_cat","embeddable":true,"href":"https:\/\/medicaldiscounter.be\/fr\/wp-json\/wp\/v2\/product_cat?post=19598"},{"taxonomy":"product_tag","embeddable":true,"href":"https:\/\/medicaldiscounter.be\/fr\/wp-json\/wp\/v2\/product_tag?post=19598"}],"curies":[{"name":"wp","href":"https:\/\/api.w.org\/{rel}","templated":true}]}}