{"id":19602,"date":"2025-03-21T10:56:31","date_gmt":"2025-03-21T10:56:31","guid":{"rendered":"https:\/\/medicaldiscounter.be\/product\/bd-microfine-pen-needle-320584-0-23-mm-x-4-mm-32g-aiguilles-a-insuline-100-pieces\/"},"modified":"2026-04-07T17:15:45","modified_gmt":"2026-04-07T17:15:45","slug":"bd-microfine-pen-needle-320584-0-23-mm-x-4-mm-32g-aiguilles-a-insuline-100-pieces","status":"publish","type":"product","link":"https:\/\/medicaldiscounter.be\/fr\/produit\/bd-microfine-pen-needle-320584-0-23-mm-x-4-mm-32g-aiguilles-a-insuline-100-pieces\/","title":{"rendered":"BD Microfine Pen Needle 320584 | 0.23 mm x 4 mm (32G) &#8211; Compatible avec les stylos injecteurs"},"content":{"rendered":"<p>L&#8217;aiguille \u00e0 stylo BD Microfine 320584 est con\u00e7ue pour une application pr\u00e9cise et constante. Avec une \u00e9paisseur de 0,23 mm et une longueur de 4 mm (32G), cette aiguille est compatible avec la plupart des stylos. Le paquet contient 100 pi\u00e8ces et est connu pour sa facilit\u00e9 d&#8217;utilisation et sa finition de haute qualit\u00e9.  <\/p>\n","protected":false},"excerpt":{"rendered":"<p>L&#8217;aiguille \u00e0 stylo BD Microfine 320584 est con\u00e7ue pour une application pr\u00e9cise et constante. Avec une \u00e9paisseur de 0,23 mm et une longueur de 4 mm (32G), cette aiguille est compatible avec la plupart des stylos. Le paquet contient 100 pi\u00e8ces et est connu pour sa facilit\u00e9 d&#8217;utilisation et sa finition de haute qualit\u00e9.<\/p>\n","protected":false},"featured_media":19188,"template":"","meta":[],"product_brand":[],"product_cat":[162],"product_tag":[],"class_list":{"0":"post-19602","1":"product","2":"type-product","3":"status-publish","4":"has-post-thumbnail","6":"product_cat-non-categorise","8":"first","9":"instock","10":"taxable","11":"shipping-taxable","12":"purchasable","13":"product-type-simple","14":"add-to-wishlist-after_add_to_cart"},"jetpack_sharing_enabled":true,"_links":{"self":[{"href":"https:\/\/medicaldiscounter.be\/fr\/wp-json\/wp\/v2\/product\/19602","targetHints":{"allow":["GET"]}}],"collection":[{"href":"https:\/\/medicaldiscounter.be\/fr\/wp-json\/wp\/v2\/product"}],"about":[{"href":"https:\/\/medicaldiscounter.be\/fr\/wp-json\/wp\/v2\/types\/product"}],"wp:featuredmedia":[{"embeddable":true,"href":"https:\/\/medicaldiscounter.be\/fr\/wp-json\/wp\/v2\/media\/19188"}],"wp:attachment":[{"href":"https:\/\/medicaldiscounter.be\/fr\/wp-json\/wp\/v2\/media?parent=19602"}],"wp:term":[{"taxonomy":"product_brand","embeddable":true,"href":"https:\/\/medicaldiscounter.be\/fr\/wp-json\/wp\/v2\/product_brand?post=19602"},{"taxonomy":"product_cat","embeddable":true,"href":"https:\/\/medicaldiscounter.be\/fr\/wp-json\/wp\/v2\/product_cat?post=19602"},{"taxonomy":"product_tag","embeddable":true,"href":"https:\/\/medicaldiscounter.be\/fr\/wp-json\/wp\/v2\/product_tag?post=19602"}],"curies":[{"name":"wp","href":"https:\/\/api.w.org\/{rel}","templated":true}]}}