{"id":19612,"date":"2025-03-21T10:56:11","date_gmt":"2025-03-21T10:56:11","guid":{"rendered":"https:\/\/medicaldiscounter.be\/product\/atrauman-ag-10-x-10-cm-par-1-sterile-499573\/"},"modified":"2025-12-11T13:47:51","modified_gmt":"2025-12-11T13:47:51","slug":"atrauman-ag-10-x-10-cm-par-1-sterile-499573","status":"publish","type":"product","link":"https:\/\/medicaldiscounter.be\/fr\/produit\/atrauman-ag-10-x-10-cm-par-1-sterile-499573\/","title":{"rendered":"Atrauman AG 10 x 10 cm par 1 st\u00e9rile 499573"},"content":{"rendered":"<p>Ajoutez Atrauman Ag 10 x 10 cm \u00e0 votre arsenal de soins des plaies pour obtenir une couche de contact avanc\u00e9e et non adh\u00e9rente avec la puissance de l&#8217;argent \u00e9l\u00e9mentaire. Cette option de pansement st\u00e9rile est id\u00e9ale pour le traitement d&#8217;une gamme de plaies, y compris les plaies chroniques telles que l&#8217;ulc\u00e8re cruris, les ulc\u00e8res de jambe diab\u00e9tiques, le d\u00e9cubitus, ainsi que pour le soin des br\u00fblures aigu\u00ebs du premier et du second degr\u00e9. <\/p>\n<p><strong>Caract\u00e9ristiques principales :<\/strong><\/p>\n<ul>\n<li><strong>Barri\u00e8re contenant de l&#8217;argent :<\/strong> Atrauman Ag int\u00e8gre de l&#8217;argent \u00e9l\u00e9mentaire dans ses fibres de polyamide, cr\u00e9ant ainsi une barri\u00e8re contenant de l&#8217;argent. Cela rend le pansement efficace pour pr\u00e9venir les infections et soutenir le processus de gu\u00e9rison. <\/li>\n<li><strong>Non adh\u00e9rent et indolore :<\/strong> Le mat\u00e9riau de support fin, doux et flexible favorise un excellent contact avec la plaie. La surface du tissu, associ\u00e9e \u00e0 la masse de pommade \u00e0 base de triglyc\u00e9rides, emp\u00eache l&#8217;adh\u00e9rence, ce qui permet de changer le pansement sans douleur et sans effort. <\/li>\n<li><strong>Masse de pommade protectrice : <\/strong>La masse de pommade \u00e0 base de triglyc\u00e9rides, sans principes actifs, forme une couche protectrice autour de la plaie. Cela permet de prot\u00e9ger les bords de la plaie, d&#8217;\u00e9viter la mac\u00e9ration et de favoriser un environnement de cicatrisation sain. <\/li>\n<li><strong>Utilisation polyvalente : <\/strong>Atrauman Ag convient \u00e0 une utilisation professionnelle pour le traitement de la peau humaine. C&#8217;est un choix fiable pour les prestataires de soins de sant\u00e9 qui s&#8217;efforcent d&#8217;optimiser le traitement des plaies. <\/li>\n<\/ul>\n<p>Ajoutez Atrauman Ag 10 x 10 cm \u00e0 votre panier et d\u00e9couvrez les avantages d&#8217;un traitement avanc\u00e9 des plaies gr\u00e2ce \u00e0 l&#8217;argent \u00e9l\u00e9mentaire. Offrez \u00e0 vos patients les soins qu&#8217;ils m\u00e9ritent gr\u00e2ce \u00e0 cette couche de contact de haute qualit\u00e9 et polyvalente. <\/p>\n","protected":false},"excerpt":{"rendered":"<p>Ajoutez Atrauman Ag 10 x 10 cm \u00e0 votre arsenal de soins des plaies pour obtenir une couche de contact avanc\u00e9e et non adh\u00e9rente avec la puissance de l&#8217;argent \u00e9l\u00e9mentaire. Cette option de pansement st\u00e9rile est id\u00e9ale pour le traitement d&#8217;une gamme de plaies, y compris les plaies chroniques telles que l&#8217;ulc\u00e8re cruris, les ulc\u00e8res [&hellip;]<\/p>\n","protected":false},"featured_media":19178,"template":"","meta":[],"product_brand":[],"product_cat":[193],"product_tag":[],"class_list":{"0":"post-19612","1":"product","2":"type-product","3":"status-publish","4":"has-post-thumbnail","6":"product_cat-pansements-adhesifs-hartmann-atrauman","8":"first","9":"instock","10":"sale","11":"taxable","12":"shipping-taxable","13":"purchasable","14":"product-type-simple","15":"add-to-wishlist-after_add_to_cart"},"jetpack_sharing_enabled":true,"_links":{"self":[{"href":"https:\/\/medicaldiscounter.be\/fr\/wp-json\/wp\/v2\/product\/19612","targetHints":{"allow":["GET"]}}],"collection":[{"href":"https:\/\/medicaldiscounter.be\/fr\/wp-json\/wp\/v2\/product"}],"about":[{"href":"https:\/\/medicaldiscounter.be\/fr\/wp-json\/wp\/v2\/types\/product"}],"wp:featuredmedia":[{"embeddable":true,"href":"https:\/\/medicaldiscounter.be\/fr\/wp-json\/wp\/v2\/media\/19178"}],"wp:attachment":[{"href":"https:\/\/medicaldiscounter.be\/fr\/wp-json\/wp\/v2\/media?parent=19612"}],"wp:term":[{"taxonomy":"product_brand","embeddable":true,"href":"https:\/\/medicaldiscounter.be\/fr\/wp-json\/wp\/v2\/product_brand?post=19612"},{"taxonomy":"product_cat","embeddable":true,"href":"https:\/\/medicaldiscounter.be\/fr\/wp-json\/wp\/v2\/product_cat?post=19612"},{"taxonomy":"product_tag","embeddable":true,"href":"https:\/\/medicaldiscounter.be\/fr\/wp-json\/wp\/v2\/product_tag?post=19612"}],"curies":[{"name":"wp","href":"https:\/\/api.w.org\/{rel}","templated":true}]}}