{"id":19687,"date":"2025-06-08T15:40:26","date_gmt":"2025-06-08T15:40:26","guid":{"rendered":"https:\/\/medicaldiscounter.be\/product\/3m-opticlude-pansements-oculaires-en-silicone-maxi\/"},"modified":"2025-12-11T13:49:00","modified_gmt":"2025-12-11T13:49:00","slug":"3m-opticlude-pansements-oculaires-en-silicone-maxi","status":"publish","type":"product","link":"https:\/\/medicaldiscounter.be\/fr\/produit\/3m-opticlude-pansements-oculaires-en-silicone-maxi\/","title":{"rendered":"3M\u2122 Opticlude\u2122 Pansements oculaires en silicone Maxi, 2739PG50, 5,7 cm x 8 cm, 50 pi\u00e8ces\/bo\u00eete."},"content":{"rendered":"<p>Assurez une protection et un traitement efficaces des yeux avec les 3M\u2122 Opticlude\u2122 Silicone Eye Plasters Maxi. Con\u00e7us pour le confort et l&#8217;efficacit\u00e9, ces pansements oculaires offrent une solution douce, s\u00fbre et fiable pour les couvertures oculaires. <\/p>\n<p><strong data-redactor-tag=\"strong\">Caract\u00e9ristiques principales :<\/strong><\/p>\n<ul>\n<li><strong data-redactor-tag=\"strong\">Adh\u00e9sion confortable au silicone :<\/strong> gr\u00e2ce \u00e0 la couche adh\u00e9sive en silicone, ces patchs oculaires sont doux pour la peau et id\u00e9aux pour une utilisation \u00e0 long terme, m\u00eame pour les peaux sensibles.<\/li>\n<li><strong data-redactor-tag=\"strong\">Taille optimale :<\/strong> Mesurant 5,7 cm x 8 cm, les cache-\u0153il Maxi offrent une couverture et une protection compl\u00e8tes, ce qui les rend parfaits pour les enfants et les adultes.<\/li>\n<li><strong data-redactor-tag=\"strong\">Con\u00e7u avec soin :<\/strong> Con\u00e7us pour \u00eatre efficaces dans le cadre de divers traitements oculaires, tels que l&#8217;amblyopie (\u0153il paresseux) et le strabisme (strabisme). Les patchs permettent d&#8217;exercer les muscles oculaires en couvrant l \u00ab \u0153il sain et en stimulant l \u00bb \u0153il faible. <\/li>\n<li><strong data-redactor-tag=\"strong\">Hypoallerg\u00e9nique :<\/strong> les mat\u00e9riaux hypoallerg\u00e9niques garantissent que les pansements sont bien tol\u00e9r\u00e9s par la peau, minimisant ainsi l&#8217;irritation et l&#8217;inconfort.<\/li>\n<li><strong data-redactor-tag=\"strong\">Convivialit\u00e9 :<\/strong> les pansements sont faciles \u00e0 appliquer et \u00e0 retirer sans douleur ni dommage pour la peau. Ils restent bien en place, m\u00eame pendant les activit\u00e9s quotidiennes. <\/li>\n<li><strong data-redactor-tag=\"strong\">Conditionnement \u00e9conomique :<\/strong> chaque bo\u00eete contient 50 patchs oculaires, ce qui garantit un approvisionnement \u00e0 long terme et un bon rapport co\u00fbt-efficacit\u00e9.<\/li>\n<\/ul>\n<p><strong data-redactor-tag=\"strong\">Domaines d&#8217;application :<\/strong><\/p>\n<ul>\n<li><strong data-redactor-tag=\"strong\">Traitement de l&#8217;amblyopie :<\/strong> Favoriser le d\u00e9veloppement visuel des enfants en couvrant l \u00ab \u0153il sain et en stimulant l \u00bb \u0153il faible.<\/li>\n<li><strong data-redactor-tag=\"strong\">Soins post-op\u00e9ratoires :<\/strong> Id\u00e9al pour prot\u00e9ger l&#8217;\u0153il apr\u00e8s une intervention chirurgicale.<\/li>\n<li><strong data-redactor-tag=\"strong\">Protection g\u00e9n\u00e9rale des yeux :<\/strong> Prot\u00e9gez les yeux de la salet\u00e9, de la poussi\u00e8re et d&#8217;autres contaminants.<\/li>\n<\/ul>\n<p>Offrez \u00e0 vos yeux le soin et la protection qu&#8217;ils m\u00e9ritent avec les pansements oculaires en silicone 3M\u2122 Opticlude\u2122 Maxi. Commandez d\u00e8s aujourd&#8217;hui et d\u00e9couvrez la diff\u00e9rence en termes de confort et d&#8217;efficacit\u00e9. <\/p>\n","protected":false},"excerpt":{"rendered":"<p>Les pansements oculaires en silicone 3M\u2122 Opticlude\u2122 offrent un traitement confortable et efficace.<\/p>\n","protected":false},"featured_media":19840,"template":"","meta":[],"product_brand":[],"product_cat":[198],"product_tag":[],"class_list":{"0":"post-19687","1":"product","2":"type-product","3":"status-publish","4":"has-post-thumbnail","6":"product_cat-3m-patchs-oculaires-maxi-kids","8":"first","9":"instock","10":"sale","11":"taxable","12":"shipping-taxable","13":"purchasable","14":"product-type-simple","15":"add-to-wishlist-after_add_to_cart"},"jetpack_sharing_enabled":true,"_links":{"self":[{"href":"https:\/\/medicaldiscounter.be\/fr\/wp-json\/wp\/v2\/product\/19687","targetHints":{"allow":["GET"]}}],"collection":[{"href":"https:\/\/medicaldiscounter.be\/fr\/wp-json\/wp\/v2\/product"}],"about":[{"href":"https:\/\/medicaldiscounter.be\/fr\/wp-json\/wp\/v2\/types\/product"}],"wp:featuredmedia":[{"embeddable":true,"href":"https:\/\/medicaldiscounter.be\/fr\/wp-json\/wp\/v2\/media\/19840"}],"wp:attachment":[{"href":"https:\/\/medicaldiscounter.be\/fr\/wp-json\/wp\/v2\/media?parent=19687"}],"wp:term":[{"taxonomy":"product_brand","embeddable":true,"href":"https:\/\/medicaldiscounter.be\/fr\/wp-json\/wp\/v2\/product_brand?post=19687"},{"taxonomy":"product_cat","embeddable":true,"href":"https:\/\/medicaldiscounter.be\/fr\/wp-json\/wp\/v2\/product_cat?post=19687"},{"taxonomy":"product_tag","embeddable":true,"href":"https:\/\/medicaldiscounter.be\/fr\/wp-json\/wp\/v2\/product_tag?post=19687"}],"curies":[{"name":"wp","href":"https:\/\/api.w.org\/{rel}","templated":true}]}}