{"id":19690,"date":"2025-06-08T15:40:26","date_gmt":"2025-06-08T15:40:26","guid":{"rendered":"https:\/\/medicaldiscounter.be\/product\/3m-coban-bandage-auto-adhesif\/"},"modified":"2025-12-11T13:48:59","modified_gmt":"2025-12-11T13:48:59","slug":"3m-coban-bandage-auto-adhesif","status":"publish","type":"product","link":"https:\/\/medicaldiscounter.be\/fr\/produit\/3m-coban-bandage-auto-adhesif\/","title":{"rendered":"3M\u2122 Coban\u2122 Bandage auto-adh\u00e9sif, 1582, beige, 5 cm x 4,5 m (\u00e9tir\u00e9),"},"content":{"rendered":"<p>D\u00e9couvrez le 3M\u2122 Coban\u2122 Self-Adhesive Bandage 1582 en beige, une solution de compression fiable mesurant 5 cm x 4,5 m (\u00e9tir\u00e9), conditionn\u00e9e en 36 pi\u00e8ces. Ce bandage l\u00e9ger assure une compression durable et fiable et reste \u00e9lastique sans s&#8217;\u00e9tirer. Le mat\u00e9riau poreux en polyester non tiss\u00e9 ne colle qu&#8217;\u00e0 lui-m\u00eame, ce qui le rend confortable, et ne colle pas \u00e0 la peau ou aux cheveux. Cela r\u00e9duit le risque d&#8217;\u0153d\u00e8me et permet une hygi\u00e8ne normale. Le bandage peut \u00eatre facilement r\u00e9appliqu\u00e9 sans ruban adh\u00e9sif ni pinces.    <\/p>\n","protected":false},"excerpt":{"rendered":"<p>3M\u2122 Coban\u2122 Self-Adhesive Bandage 1582 : 5 cm x 4,5 m, compression fiable, autocollant, confortable et r\u00e9utilisable.<\/p>\n","protected":false},"featured_media":19836,"template":"","meta":[],"product_brand":[],"product_cat":[168,174],"product_tag":[],"class_list":{"0":"post-19690","1":"product","2":"type-product","3":"status-publish","4":"has-post-thumbnail","6":"product_cat-bandages-coban","7":"product_cat-liens","9":"first","10":"instock","11":"sale","12":"taxable","13":"shipping-taxable","14":"purchasable","15":"product-type-simple","16":"add-to-wishlist-after_add_to_cart"},"jetpack_sharing_enabled":true,"_links":{"self":[{"href":"https:\/\/medicaldiscounter.be\/fr\/wp-json\/wp\/v2\/product\/19690","targetHints":{"allow":["GET"]}}],"collection":[{"href":"https:\/\/medicaldiscounter.be\/fr\/wp-json\/wp\/v2\/product"}],"about":[{"href":"https:\/\/medicaldiscounter.be\/fr\/wp-json\/wp\/v2\/types\/product"}],"wp:featuredmedia":[{"embeddable":true,"href":"https:\/\/medicaldiscounter.be\/fr\/wp-json\/wp\/v2\/media\/19836"}],"wp:attachment":[{"href":"https:\/\/medicaldiscounter.be\/fr\/wp-json\/wp\/v2\/media?parent=19690"}],"wp:term":[{"taxonomy":"product_brand","embeddable":true,"href":"https:\/\/medicaldiscounter.be\/fr\/wp-json\/wp\/v2\/product_brand?post=19690"},{"taxonomy":"product_cat","embeddable":true,"href":"https:\/\/medicaldiscounter.be\/fr\/wp-json\/wp\/v2\/product_cat?post=19690"},{"taxonomy":"product_tag","embeddable":true,"href":"https:\/\/medicaldiscounter.be\/fr\/wp-json\/wp\/v2\/product_tag?post=19690"}],"curies":[{"name":"wp","href":"https:\/\/api.w.org\/{rel}","templated":true}]}}