{"id":19693,"date":"2025-06-08T15:40:27","date_gmt":"2025-06-08T15:40:27","guid":{"rendered":"https:\/\/medicaldiscounter.be\/product\/leukoplast-fixomull-transparent-film-roll-10-cm-x-10-m-1st-72216-01-72216-01-leukoplast-fixomull-transparent-film-roll-72216-01-10-cm-x-10-m\/"},"modified":"2025-12-11T13:49:00","modified_gmt":"2025-12-11T13:49:00","slug":"leukoplast-fixomull-transparent-film-roll-10-cm-x-10-m-1st-72216-01-72216-01-leukoplast-fixomull-transparent-film-roll-72216-01-10-cm-x-10-m","status":"publish","type":"product","link":"https:\/\/medicaldiscounter.be\/fr\/produit\/leukoplast-fixomull-transparent-film-roll-10-cm-x-10-m-1st-72216-01-72216-01-leukoplast-fixomull-transparent-film-roll-72216-01-10-cm-x-10-m\/","title":{"rendered":"Leukoplast Fixomull Film Transparent Rouleau 10 cm x 10 m 1er \/ 72216-01"},"content":{"rendered":"<p>D\u00e9couvrez le Leukoplast Fixomull Transparent Film Roll 72216-01 de BSN Medical, une solution de fixation \u00e9tanche de 10 cm x 10 m emball\u00e9e \u00e0 la pi\u00e8ce. Ce film transparent offre une protection totale contre les agents pathog\u00e8nes et permet \u00e0 la peau de respirer. Id\u00e9al pour la fixation des pansements sur le visage entier, le film permet au patient de se doucher et m\u00eame de nager sans enlever le pansement. La transparence permet une vision constante de l&#8217;environnement de la plaie, assurant une surveillance facile de la plaie et des soins optimaux.   <\/p>\n","protected":false},"excerpt":{"rendered":"<p>Leukoplast Fixomull Transparent Film Roll 72216-01 : 10 cm x 10 m, imperm\u00e9able, respirant, prot\u00e8ge contre les agents pathog\u00e8nes.<\/p>\n","protected":false},"featured_media":19845,"template":"","meta":[],"product_brand":[],"product_cat":[162],"product_tag":[],"class_list":{"0":"post-19693","1":"product","2":"type-product","3":"status-publish","4":"has-post-thumbnail","6":"product_cat-non-categorise","8":"first","9":"instock","10":"sale","11":"taxable","12":"shipping-taxable","13":"purchasable","14":"product-type-simple","15":"add-to-wishlist-after_add_to_cart"},"jetpack_sharing_enabled":true,"_links":{"self":[{"href":"https:\/\/medicaldiscounter.be\/fr\/wp-json\/wp\/v2\/product\/19693","targetHints":{"allow":["GET"]}}],"collection":[{"href":"https:\/\/medicaldiscounter.be\/fr\/wp-json\/wp\/v2\/product"}],"about":[{"href":"https:\/\/medicaldiscounter.be\/fr\/wp-json\/wp\/v2\/types\/product"}],"wp:featuredmedia":[{"embeddable":true,"href":"https:\/\/medicaldiscounter.be\/fr\/wp-json\/wp\/v2\/media\/19845"}],"wp:attachment":[{"href":"https:\/\/medicaldiscounter.be\/fr\/wp-json\/wp\/v2\/media?parent=19693"}],"wp:term":[{"taxonomy":"product_brand","embeddable":true,"href":"https:\/\/medicaldiscounter.be\/fr\/wp-json\/wp\/v2\/product_brand?post=19693"},{"taxonomy":"product_cat","embeddable":true,"href":"https:\/\/medicaldiscounter.be\/fr\/wp-json\/wp\/v2\/product_cat?post=19693"},{"taxonomy":"product_tag","embeddable":true,"href":"https:\/\/medicaldiscounter.be\/fr\/wp-json\/wp\/v2\/product_tag?post=19693"}],"curies":[{"name":"wp","href":"https:\/\/api.w.org\/{rel}","templated":true}]}}