{"id":19696,"date":"2025-06-08T15:40:28","date_gmt":"2025-06-08T15:40:28","guid":{"rendered":"https:\/\/medicaldiscounter.be\/product\/patch-de-fixation-non-tisse-mefix-311000-10cm-x-10m-1-piece-311000-patch-de-fixation-non-tisse-mefix-311000-10cm-x-10m\/"},"modified":"2025-12-11T13:48:59","modified_gmt":"2025-12-11T13:48:59","slug":"patch-de-fixation-non-tisse-mefix-311000-10cm-x-10m-1-piece-311000-patch-de-fixation-non-tisse-mefix-311000-10cm-x-10m","status":"publish","type":"product","link":"https:\/\/medicaldiscounter.be\/fr\/produit\/patch-de-fixation-non-tisse-mefix-311000-10cm-x-10m-1-piece-311000-patch-de-fixation-non-tisse-mefix-311000-10cm-x-10m\/","title":{"rendered":"Mefix pl\u00e2tre de fixation non tiss\u00e9 \/ 311000 (10cm X 10m) 1 Pi\u00e8ce"},"content":{"rendered":"<p>D\u00e9couvrez le pl\u00e2tre de fixation non tiss\u00e9 Mefix 311000, une solution de fixation polyvalente de 10 cm x 10 m, conditionn\u00e9e \u00e0 l&#8217;unit\u00e9. Ce pansement de fixation large est constitu\u00e9 d&#8217;une couche de non-tiss\u00e9 extensible et respirant et est enduit d&#8217;un adh\u00e9sif hypoallerg\u00e9nique \u00e0 base d&#8217;eau. Mefix est id\u00e9al pour fixer les pansements, les compresses de gaze, les cath\u00e9ters et les tubes. Le sparadrap peut \u00eatre facilement d\u00e9coup\u00e9 et convient aux zones difficiles \u00e0 panser, telles que le cou, le genou et le coude. De plus, Mefix peut \u00eatre st\u00e9rilis\u00e9 en autoclave pour une utilisation st\u00e9rile.    <\/p>\n","protected":false},"excerpt":{"rendered":"<p>Pansement de fixation non tiss\u00e9 Mefix 311000 : 10 cm x 10 m, hypoallerg\u00e9nique et perm\u00e9able \u00e0 l&#8217;air. Id\u00e9al pour fixer les pansements <\/p>\n","protected":false},"featured_media":19854,"template":"","meta":[],"product_brand":[],"product_cat":[15],"product_tag":[],"class_list":{"0":"post-19696","1":"product","2":"type-product","3":"status-publish","4":"has-post-thumbnail","6":"product_cat-spuiten-en-naalden","8":"first","9":"instock","10":"sale","11":"taxable","12":"shipping-taxable","13":"purchasable","14":"product-type-simple","15":"add-to-wishlist-after_add_to_cart"},"jetpack_sharing_enabled":true,"_links":{"self":[{"href":"https:\/\/medicaldiscounter.be\/fr\/wp-json\/wp\/v2\/product\/19696","targetHints":{"allow":["GET"]}}],"collection":[{"href":"https:\/\/medicaldiscounter.be\/fr\/wp-json\/wp\/v2\/product"}],"about":[{"href":"https:\/\/medicaldiscounter.be\/fr\/wp-json\/wp\/v2\/types\/product"}],"wp:featuredmedia":[{"embeddable":true,"href":"https:\/\/medicaldiscounter.be\/fr\/wp-json\/wp\/v2\/media\/19854"}],"wp:attachment":[{"href":"https:\/\/medicaldiscounter.be\/fr\/wp-json\/wp\/v2\/media?parent=19696"}],"wp:term":[{"taxonomy":"product_brand","embeddable":true,"href":"https:\/\/medicaldiscounter.be\/fr\/wp-json\/wp\/v2\/product_brand?post=19696"},{"taxonomy":"product_cat","embeddable":true,"href":"https:\/\/medicaldiscounter.be\/fr\/wp-json\/wp\/v2\/product_cat?post=19696"},{"taxonomy":"product_tag","embeddable":true,"href":"https:\/\/medicaldiscounter.be\/fr\/wp-json\/wp\/v2\/product_tag?post=19696"}],"curies":[{"name":"wp","href":"https:\/\/api.w.org\/{rel}","templated":true}]}}