{"id":19697,"date":"2025-06-08T15:40:29","date_gmt":"2025-06-08T15:40:29","guid":{"rendered":"https:\/\/medicaldiscounter.be\/product\/3m-coban-bandage-auto-adhesif-2\/"},"modified":"2025-12-11T13:49:00","modified_gmt":"2025-12-11T13:49:00","slug":"3m-coban-bandage-auto-adhesif-2","status":"publish","type":"product","link":"https:\/\/medicaldiscounter.be\/fr\/produit\/3m-coban-bandage-auto-adhesif-2\/","title":{"rendered":"3M\u2122 Coban\u2122 Bandage auto-adh\u00e9sif, 1583, beige, 7,5 cm x 4,5 m (\u00e9tir\u00e9),"},"content":{"rendered":"<p>D\u00e9couvrez le 3M\u2122 Coban\u2122 Self-Adhesive Bandage 1583 en beige, un bandage polyvalent mesurant 7,5cm x 4,5m (\u00e9tir\u00e9), conditionn\u00e9 en 24 pi\u00e8ces. Ce bandage offre une excellente compression et reste en place sans pinces ni ruban adh\u00e9sif gr\u00e2ce \u00e0 sa propri\u00e9t\u00e9 auto-adh\u00e9sive. Le mat\u00e9riau sans latex et respirant assure un confort optimal et minimise le risque d&#8217;irritation de la peau. Id\u00e9al pour fixer les pansements, soutenir les entorses et les foulures et appliquer des bandages de compression. Le bandage Coban\u2122 est facile \u00e0 appliquer et \u00e0 retirer, ce qui en fait un choix fiable pour les soins quotidiens des plaies.    <\/p>\n","protected":false},"excerpt":{"rendered":"<p>3M\u2122 Coban\u2122 Self-Adhesive Bandage 1583 : beige, 7,5 cm x 4,5 m, auto-adh\u00e9sif fixation fiable et confortable du bandage.<\/p>\n","protected":false},"featured_media":19857,"template":"","meta":[],"product_brand":[],"product_cat":[168,174],"product_tag":[],"class_list":{"0":"post-19697","1":"product","2":"type-product","3":"status-publish","4":"has-post-thumbnail","6":"product_cat-bandages-coban","7":"product_cat-liens","9":"first","10":"instock","11":"taxable","12":"shipping-taxable","13":"purchasable","14":"product-type-simple","15":"add-to-wishlist-after_add_to_cart"},"jetpack_sharing_enabled":true,"_links":{"self":[{"href":"https:\/\/medicaldiscounter.be\/fr\/wp-json\/wp\/v2\/product\/19697","targetHints":{"allow":["GET"]}}],"collection":[{"href":"https:\/\/medicaldiscounter.be\/fr\/wp-json\/wp\/v2\/product"}],"about":[{"href":"https:\/\/medicaldiscounter.be\/fr\/wp-json\/wp\/v2\/types\/product"}],"wp:featuredmedia":[{"embeddable":true,"href":"https:\/\/medicaldiscounter.be\/fr\/wp-json\/wp\/v2\/media\/19857"}],"wp:attachment":[{"href":"https:\/\/medicaldiscounter.be\/fr\/wp-json\/wp\/v2\/media?parent=19697"}],"wp:term":[{"taxonomy":"product_brand","embeddable":true,"href":"https:\/\/medicaldiscounter.be\/fr\/wp-json\/wp\/v2\/product_brand?post=19697"},{"taxonomy":"product_cat","embeddable":true,"href":"https:\/\/medicaldiscounter.be\/fr\/wp-json\/wp\/v2\/product_cat?post=19697"},{"taxonomy":"product_tag","embeddable":true,"href":"https:\/\/medicaldiscounter.be\/fr\/wp-json\/wp\/v2\/product_tag?post=19697"}],"curies":[{"name":"wp","href":"https:\/\/api.w.org\/{rel}","templated":true}]}}