{"id":19699,"date":"2025-06-08T15:40:30","date_gmt":"2025-06-08T15:40:30","guid":{"rendered":"https:\/\/medicaldiscounter.be\/product\/leukoplast-platre-adhesif-2\/"},"modified":"2025-12-11T13:49:00","modified_gmt":"2025-12-11T13:49:00","slug":"leukoplast-platre-adhesif-2","status":"publish","type":"product","link":"https:\/\/medicaldiscounter.be\/fr\/produit\/leukoplast-platre-adhesif-2\/","title":{"rendered":"Leukoplast Pl\u00e2tre adh\u00e9sif 2,50cm x 5m 12 pi\u00e8ces 01532-00"},"content":{"rendered":"<p>D\u00e9couvrez le pl\u00e2tre adh\u00e9sif Leukoplast 01532-00, un pl\u00e2tre adh\u00e9sif de couleur chair sur bobine de 2,50 cm x 5 m, emball\u00e9 par 12 pi\u00e8ces. Ce pl\u00e2tre adh\u00e9sif traditionnel offre une excellente adh\u00e9rence et convient aux peaux normales. Le pl\u00e2tre est poreux et peut \u00eatre arrach\u00e9 \u00e0 la main, ce qui facilite son utilisation. Gr\u00e2ce \u00e0 sa masse adh\u00e9sive en caoutchouc d&#8217;oxyde de zinc, ce sparadrap garantit une adh\u00e9rence fiable et durable. En outre, Leukoplast est perm\u00e9able \u00e0 l&#8217;air et \u00e0 la vapeur d&#8217;eau, ce qui r\u00e9duit le risque d&#8217;irritation cutan\u00e9e due \u00e0 l&#8217;\u00e9tanch\u00e9it\u00e9. Id\u00e9al pour fixer les pansements, les compresses, les tubes, les cath\u00e9ters et les sondes.     <\/p>\n","protected":false},"excerpt":{"rendered":"<p>Leukoplast Fixomull Transparent Film Roll 72216-01 : 10 cm x 10 m, imperm\u00e9able, respirant, prot\u00e8ge contre les agents pathog\u00e8nes.<\/p>\n","protected":false},"featured_media":19866,"template":"","meta":[],"product_brand":[],"product_cat":[15],"product_tag":[],"class_list":{"0":"post-19699","1":"product","2":"type-product","3":"status-publish","4":"has-post-thumbnail","6":"product_cat-spuiten-en-naalden","8":"first","9":"outofstock","10":"taxable","11":"shipping-taxable","12":"purchasable","13":"product-type-simple","14":"add-to-wishlist-after_add_to_cart"},"jetpack_sharing_enabled":true,"_links":{"self":[{"href":"https:\/\/medicaldiscounter.be\/fr\/wp-json\/wp\/v2\/product\/19699","targetHints":{"allow":["GET"]}}],"collection":[{"href":"https:\/\/medicaldiscounter.be\/fr\/wp-json\/wp\/v2\/product"}],"about":[{"href":"https:\/\/medicaldiscounter.be\/fr\/wp-json\/wp\/v2\/types\/product"}],"wp:featuredmedia":[{"embeddable":true,"href":"https:\/\/medicaldiscounter.be\/fr\/wp-json\/wp\/v2\/media\/19866"}],"wp:attachment":[{"href":"https:\/\/medicaldiscounter.be\/fr\/wp-json\/wp\/v2\/media?parent=19699"}],"wp:term":[{"taxonomy":"product_brand","embeddable":true,"href":"https:\/\/medicaldiscounter.be\/fr\/wp-json\/wp\/v2\/product_brand?post=19699"},{"taxonomy":"product_cat","embeddable":true,"href":"https:\/\/medicaldiscounter.be\/fr\/wp-json\/wp\/v2\/product_cat?post=19699"},{"taxonomy":"product_tag","embeddable":true,"href":"https:\/\/medicaldiscounter.be\/fr\/wp-json\/wp\/v2\/product_tag?post=19699"}],"curies":[{"name":"wp","href":"https:\/\/api.w.org\/{rel}","templated":true}]}}