{"id":19702,"date":"2025-06-08T15:40:31","date_gmt":"2025-06-08T15:40:31","guid":{"rendered":"https:\/\/medicaldiscounter.be\/product\/futuro-chevillere-47874\/"},"modified":"2025-12-11T13:49:01","modified_gmt":"2025-12-11T13:49:01","slug":"futuro-chevillere-47874","status":"publish","type":"product","link":"https:\/\/medicaldiscounter.be\/fr\/produit\/futuro-chevillere-47874\/","title":{"rendered":"FUTURO\u2122 Chevill\u00e8re 47874, S (17.8 &#8211; 20.3 cm)"},"content":{"rendered":"<p>D\u00e9couvrez la chevill\u00e8re FUTURO\u2122 47874, con\u00e7ue pour un soutien fiable et confortable de la cheville. Adapt\u00e9e \u00e0 un tour de cheville de 17,8 \u00e0 20,3 cm, cette chevill\u00e8re offre un ajustement serr\u00e9 qui assure stabilit\u00e9 et soutien pendant les activit\u00e9s quotidiennes. La mati\u00e8re \u00e9lastique et respirante assure un confort optimal et contribue \u00e0 l&#8217;\u00e9vacuation de l&#8217;humidit\u00e9, gardant votre cheville s\u00e8che et confortable tout au long de la journ\u00e9e. Le design discret permet de porter le bandage sous les v\u00eatements sans encombrement suppl\u00e9mentaire.   <\/p>\n","protected":false},"excerpt":{"rendered":"<p>FUTURO\u2122 Ankle Support 47874 : support de cheville confortable et fiable pour une circonf\u00e9rence de 17,8 &#8211; 20,3 cm.<\/p>\n","protected":false},"featured_media":19874,"template":"","meta":[],"product_brand":[],"product_cat":[196],"product_tag":[],"class_list":{"0":"post-19702","1":"product","2":"type-product","3":"status-publish","4":"has-post-thumbnail","6":"product_cat-bandage-de-soutien-futuro","8":"first","9":"instock","10":"taxable","11":"shipping-taxable","12":"purchasable","13":"product-type-simple","14":"add-to-wishlist-after_add_to_cart"},"jetpack_sharing_enabled":true,"_links":{"self":[{"href":"https:\/\/medicaldiscounter.be\/fr\/wp-json\/wp\/v2\/product\/19702","targetHints":{"allow":["GET"]}}],"collection":[{"href":"https:\/\/medicaldiscounter.be\/fr\/wp-json\/wp\/v2\/product"}],"about":[{"href":"https:\/\/medicaldiscounter.be\/fr\/wp-json\/wp\/v2\/types\/product"}],"wp:featuredmedia":[{"embeddable":true,"href":"https:\/\/medicaldiscounter.be\/fr\/wp-json\/wp\/v2\/media\/19874"}],"wp:attachment":[{"href":"https:\/\/medicaldiscounter.be\/fr\/wp-json\/wp\/v2\/media?parent=19702"}],"wp:term":[{"taxonomy":"product_brand","embeddable":true,"href":"https:\/\/medicaldiscounter.be\/fr\/wp-json\/wp\/v2\/product_brand?post=19702"},{"taxonomy":"product_cat","embeddable":true,"href":"https:\/\/medicaldiscounter.be\/fr\/wp-json\/wp\/v2\/product_cat?post=19702"},{"taxonomy":"product_tag","embeddable":true,"href":"https:\/\/medicaldiscounter.be\/fr\/wp-json\/wp\/v2\/product_tag?post=19702"}],"curies":[{"name":"wp","href":"https:\/\/api.w.org\/{rel}","templated":true}]}}