{"id":19703,"date":"2025-06-08T15:40:30","date_gmt":"2025-06-08T15:40:30","guid":{"rendered":"https:\/\/medicaldiscounter.be\/product\/leukoplast-platre-adhesif-5cm-x-5m-6-pieces-01534-00-01534-00-leukoplast-5cmx5m-01534-00-platre-adhesif-de-couleur-chair-avec-un-excellent-pouvoir-adhesif\/"},"modified":"2025-12-11T13:49:01","modified_gmt":"2025-12-11T13:49:01","slug":"leukoplast-platre-adhesif-5cm-x-5m-6-pieces-01534-00-01534-00-leukoplast-5cmx5m-01534-00-platre-adhesif-de-couleur-chair-avec-un-excellent-pouvoir-adhesif","status":"publish","type":"product","link":"https:\/\/medicaldiscounter.be\/fr\/produit\/leukoplast-platre-adhesif-5cm-x-5m-6-pieces-01534-00-01534-00-leukoplast-5cmx5m-01534-00-platre-adhesif-de-couleur-chair-avec-un-excellent-pouvoir-adhesif\/","title":{"rendered":"Leukoplast Pl\u00e2tre adh\u00e9sif 5cm x 5m 6 pi\u00e8ces 01534-00"},"content":{"rendered":"<p>D\u00e9couvrez le sparadrap Leukoplast 01534-00, un sparadrap de couleur chair en bobine de 5 cm x 5 m, sp\u00e9cialement con\u00e7u pour la fixation des pansements et des compresses. Ce sparadrap traditionnel offre une tr\u00e8s bonne adh\u00e9rence et convient aux peaux normales. Le sparadrap est poreux, d\u00e9chirable \u00e0 la main et dot\u00e9 d&#8217;une masse adh\u00e9sive en caoutchouc d&#8217;oxyde de zinc pour une adh\u00e9sion durable. Gr\u00e2ce \u00e0 ses propri\u00e9t\u00e9s de perm\u00e9abilit\u00e9 \u00e0 l&#8217;air et \u00e0 la vapeur d&#8217;eau, Leukoplast aide \u00e0 pr\u00e9venir l&#8217;irritation de la peau, ce qui le rend id\u00e9al pour la fixation de pansements, de lignes, de cath\u00e9ters et de sondes.   <\/p>\n","protected":false},"excerpt":{"rendered":"<p>Leukoplast 5cmx5m 01534-00 : sparadrap de couleur chair avec une excellente adh\u00e9rence, id\u00e9al pour fixer les pansements<\/p>\n","protected":false},"featured_media":19863,"template":"","meta":[],"product_brand":[],"product_cat":[15],"product_tag":[],"class_list":{"0":"post-19703","1":"product","2":"type-product","3":"status-publish","4":"has-post-thumbnail","6":"product_cat-spuiten-en-naalden","8":"first","9":"instock","10":"taxable","11":"shipping-taxable","12":"purchasable","13":"product-type-simple","14":"add-to-wishlist-after_add_to_cart"},"jetpack_sharing_enabled":true,"_links":{"self":[{"href":"https:\/\/medicaldiscounter.be\/fr\/wp-json\/wp\/v2\/product\/19703","targetHints":{"allow":["GET"]}}],"collection":[{"href":"https:\/\/medicaldiscounter.be\/fr\/wp-json\/wp\/v2\/product"}],"about":[{"href":"https:\/\/medicaldiscounter.be\/fr\/wp-json\/wp\/v2\/types\/product"}],"wp:featuredmedia":[{"embeddable":true,"href":"https:\/\/medicaldiscounter.be\/fr\/wp-json\/wp\/v2\/media\/19863"}],"wp:attachment":[{"href":"https:\/\/medicaldiscounter.be\/fr\/wp-json\/wp\/v2\/media?parent=19703"}],"wp:term":[{"taxonomy":"product_brand","embeddable":true,"href":"https:\/\/medicaldiscounter.be\/fr\/wp-json\/wp\/v2\/product_brand?post=19703"},{"taxonomy":"product_cat","embeddable":true,"href":"https:\/\/medicaldiscounter.be\/fr\/wp-json\/wp\/v2\/product_cat?post=19703"},{"taxonomy":"product_tag","embeddable":true,"href":"https:\/\/medicaldiscounter.be\/fr\/wp-json\/wp\/v2\/product_tag?post=19703"}],"curies":[{"name":"wp","href":"https:\/\/api.w.org\/{rel}","templated":true}]}}