{"id":19708,"date":"2025-06-08T15:40:33","date_gmt":"2025-06-08T15:40:33","guid":{"rendered":"https:\/\/medicaldiscounter.be\/product\/futuro-comfort-lift-genouillere-76587\/"},"modified":"2025-12-11T13:49:04","modified_gmt":"2025-12-11T13:49:04","slug":"futuro-comfort-lift-genouillere-76587","status":"publish","type":"product","link":"https:\/\/medicaldiscounter.be\/fr\/produit\/futuro-comfort-lift-genouillere-76587\/","title":{"rendered":"FUTURO\u2122 Comfort Lift Knee Brace 76587, M (36.8 &#8211; 43.2 cm)"},"content":{"rendered":"<p>D\u00e9couvrez la genouill\u00e8re FUTURO\u2122 Comfort Lift 76587, con\u00e7ue pour un soutien fiable et confortable du genou. Adapt\u00e9e \u00e0 une circonf\u00e9rence de genou de 36,8 \u00e0 43,2 cm, cette genouill\u00e8re offre un ajustement serr\u00e9 qui apporte soutien et stabilit\u00e9 pendant les activit\u00e9s quotidiennes. La mati\u00e8re respirante et extensible assure un confort optimal et aide \u00e0 \u00e9vacuer l&#8217;humidit\u00e9, gardant votre genou au sec et \u00e0 l&#8217;aise tout au long de la journ\u00e9e. Le design discret permet de porter le bandage sous les v\u00eatements, sans l&#8217;encombrer.   <\/p>\n","protected":false},"excerpt":{"rendered":"<p>FUTURO\u2122 Comfort Lift Knee Brace 76587 : genouill\u00e8re confortable et fiable pour une circonf\u00e9rence de 36,8 \u00e0 43,2 cm.<\/p>\n","protected":false},"featured_media":19881,"template":"","meta":[],"product_brand":[],"product_cat":[196],"product_tag":[],"class_list":{"0":"post-19708","1":"product","2":"type-product","3":"status-publish","4":"has-post-thumbnail","6":"product_cat-bandage-de-soutien-futuro","8":"first","9":"instock","10":"taxable","11":"shipping-taxable","12":"purchasable","13":"product-type-simple","14":"add-to-wishlist-after_add_to_cart"},"jetpack_sharing_enabled":true,"_links":{"self":[{"href":"https:\/\/medicaldiscounter.be\/fr\/wp-json\/wp\/v2\/product\/19708","targetHints":{"allow":["GET"]}}],"collection":[{"href":"https:\/\/medicaldiscounter.be\/fr\/wp-json\/wp\/v2\/product"}],"about":[{"href":"https:\/\/medicaldiscounter.be\/fr\/wp-json\/wp\/v2\/types\/product"}],"wp:featuredmedia":[{"embeddable":true,"href":"https:\/\/medicaldiscounter.be\/fr\/wp-json\/wp\/v2\/media\/19881"}],"wp:attachment":[{"href":"https:\/\/medicaldiscounter.be\/fr\/wp-json\/wp\/v2\/media?parent=19708"}],"wp:term":[{"taxonomy":"product_brand","embeddable":true,"href":"https:\/\/medicaldiscounter.be\/fr\/wp-json\/wp\/v2\/product_brand?post=19708"},{"taxonomy":"product_cat","embeddable":true,"href":"https:\/\/medicaldiscounter.be\/fr\/wp-json\/wp\/v2\/product_cat?post=19708"},{"taxonomy":"product_tag","embeddable":true,"href":"https:\/\/medicaldiscounter.be\/fr\/wp-json\/wp\/v2\/product_tag?post=19708"}],"curies":[{"name":"wp","href":"https:\/\/api.w.org\/{rel}","templated":true}]}}