{"id":19711,"date":"2025-06-08T15:40:36","date_gmt":"2025-06-08T15:40:36","guid":{"rendered":"https:\/\/medicaldiscounter.be\/product\/futuro-stabilisateur-de-pouce-45842\/"},"modified":"2025-12-11T13:49:04","modified_gmt":"2025-12-11T13:49:04","slug":"futuro-stabilisateur-de-pouce-45842","status":"publish","type":"product","link":"https:\/\/medicaldiscounter.be\/fr\/produit\/futuro-stabilisateur-de-pouce-45842\/","title":{"rendered":"FUTURO\u2122 Thumb Stabiliser 45842, Beige, L\/XL (17.8 &#8211; 22.9 cm)"},"content":{"rendered":"<p>D\u00e9couvrez le stabilisateur de pouce FUTURO\u2122 45842 en beige, une solution de haute qualit\u00e9 pour un soutien optimal du pouce. Adapt\u00e9 \u00e0 une circonf\u00e9rence de pouce de 17,8 \u00e0 22,9 cm, ce stabilisateur de pouce offre un ajustement serr\u00e9 et confortable. La conception \u00e0 double stabilisateur offre un soutien et une stabilit\u00e9 cibl\u00e9s, tandis que les sangles r\u00e9glables permettent d&#8217;ajuster l&#8217;ajustement pour un maximum de confort. Fabriqu\u00e9 \u00e0 partir de mat\u00e9riaux respirants et souples, ce stabilisateur de pouce est id\u00e9al pour un usage quotidien et offre un soutien durable sans restreindre la libert\u00e9 de mouvement.   <\/p>\n","protected":false},"excerpt":{"rendered":"<p>FUTURO\u2122 Thumb stabiliser 45842 : support r\u00e9glable et confortable pour une circonf\u00e9rence du pouce de 17,8 \u00e0 22,9 cm.<\/p>\n","protected":false},"featured_media":19893,"template":"","meta":[],"product_brand":[],"product_cat":[162],"product_tag":[],"class_list":{"0":"post-19711","1":"product","2":"type-product","3":"status-publish","4":"has-post-thumbnail","6":"product_cat-non-categorise","8":"first","9":"instock","10":"taxable","11":"shipping-taxable","12":"purchasable","13":"product-type-simple","14":"add-to-wishlist-after_add_to_cart"},"jetpack_sharing_enabled":true,"_links":{"self":[{"href":"https:\/\/medicaldiscounter.be\/fr\/wp-json\/wp\/v2\/product\/19711","targetHints":{"allow":["GET"]}}],"collection":[{"href":"https:\/\/medicaldiscounter.be\/fr\/wp-json\/wp\/v2\/product"}],"about":[{"href":"https:\/\/medicaldiscounter.be\/fr\/wp-json\/wp\/v2\/types\/product"}],"wp:featuredmedia":[{"embeddable":true,"href":"https:\/\/medicaldiscounter.be\/fr\/wp-json\/wp\/v2\/media\/19893"}],"wp:attachment":[{"href":"https:\/\/medicaldiscounter.be\/fr\/wp-json\/wp\/v2\/media?parent=19711"}],"wp:term":[{"taxonomy":"product_brand","embeddable":true,"href":"https:\/\/medicaldiscounter.be\/fr\/wp-json\/wp\/v2\/product_brand?post=19711"},{"taxonomy":"product_cat","embeddable":true,"href":"https:\/\/medicaldiscounter.be\/fr\/wp-json\/wp\/v2\/product_cat?post=19711"},{"taxonomy":"product_tag","embeddable":true,"href":"https:\/\/medicaldiscounter.be\/fr\/wp-json\/wp\/v2\/product_tag?post=19711"}],"curies":[{"name":"wp","href":"https:\/\/api.w.org\/{rel}","templated":true}]}}