{"id":19719,"date":"2025-06-08T15:40:39","date_gmt":"2025-06-08T15:40:39","guid":{"rendered":"https:\/\/medicaldiscounter.be\/product\/bandage-tubulaire-hartmann-stulpa\/"},"modified":"2025-12-11T13:49:08","modified_gmt":"2025-12-11T13:49:08","slug":"bandage-tubulaire-hartmann-stulpa","status":"publish","type":"product","link":"https:\/\/medicaldiscounter.be\/fr\/produit\/bandage-tubulaire-hartmann-stulpa\/","title":{"rendered":"Hartmann St\u00fclpa bandage tubulaire, taille 3R, 8cm x 15m (1) 427113"},"content":{"rendered":"<p>D\u00e9couvrez le pansement tubulaire sans couture St\u00fclpa, taille 3R, 8 cm x 15 m, une solution polyvalente pour fixer les pansements et prot\u00e9ger les plaies. Ce pansement tubulaire sans couture pr\u00e9sente une forte \u00e9lasticit\u00e9 en longueur et en largeur, ce qui permet de l&#8217;appliquer facilement sans fixation suppl\u00e9mentaire. Le mat\u00e9riau peut \u00eatre coup\u00e9 \u00e0 n&#8217;importe quelle longueur sans s&#8217;effilocher, et il s&#8217;ajuste parfaitement sans plis. Gr\u00e2ce \u00e0 sa surface ferm\u00e9e, il reste parfaitement en place, m\u00eame en cas de contrainte m\u00e9canique. St\u00fclpa offre une excellente protection des plaies et un confort cutan\u00e9, avec une bonne absorption et une bonne circulation de l&#8217;air, et convient \u00e0 la st\u00e9rilisation (autoclave 134 \u00b0C). Ce bandage tubulaire est conforme \u00e0 la directive europ\u00e9enne sur les dispositifs m\u00e9dicaux. Il est compos\u00e9 de 70 % de viscose et de 30 % de coton.      <\/p>\n<p>La taille 3R convient pour les bandages des mains, des bras, des pieds et des jambes, ainsi que pour les bandages de la t\u00eate et de l&#8217;aisselle des enfants. Elle a une largeur de 8 cm et une longueur de 15 m, avec une plage de largeur de 16 \u00e0 48 cm. <\/p>\n","protected":false},"excerpt":{"rendered":"<p>Pansement tubulaire St\u00fclpa, taille 3R : sans couture, \u00e9lastique et polyvalent pour une protection fiable des plaies et le confort de la peau.<\/p>\n","protected":false},"featured_media":19899,"template":"","meta":[],"product_brand":[],"product_cat":[174],"product_tag":[],"class_list":{"0":"post-19719","1":"product","2":"type-product","3":"status-publish","4":"has-post-thumbnail","6":"product_cat-liens","8":"first","9":"instock","10":"taxable","11":"shipping-taxable","12":"purchasable","13":"product-type-simple","14":"add-to-wishlist-after_add_to_cart"},"jetpack_sharing_enabled":true,"_links":{"self":[{"href":"https:\/\/medicaldiscounter.be\/fr\/wp-json\/wp\/v2\/product\/19719","targetHints":{"allow":["GET"]}}],"collection":[{"href":"https:\/\/medicaldiscounter.be\/fr\/wp-json\/wp\/v2\/product"}],"about":[{"href":"https:\/\/medicaldiscounter.be\/fr\/wp-json\/wp\/v2\/types\/product"}],"wp:featuredmedia":[{"embeddable":true,"href":"https:\/\/medicaldiscounter.be\/fr\/wp-json\/wp\/v2\/media\/19899"}],"wp:attachment":[{"href":"https:\/\/medicaldiscounter.be\/fr\/wp-json\/wp\/v2\/media?parent=19719"}],"wp:term":[{"taxonomy":"product_brand","embeddable":true,"href":"https:\/\/medicaldiscounter.be\/fr\/wp-json\/wp\/v2\/product_brand?post=19719"},{"taxonomy":"product_cat","embeddable":true,"href":"https:\/\/medicaldiscounter.be\/fr\/wp-json\/wp\/v2\/product_cat?post=19719"},{"taxonomy":"product_tag","embeddable":true,"href":"https:\/\/medicaldiscounter.be\/fr\/wp-json\/wp\/v2\/product_tag?post=19719"}],"curies":[{"name":"wp","href":"https:\/\/api.w.org\/{rel}","templated":true}]}}