{"id":19728,"date":"2025-06-08T15:40:40","date_gmt":"2025-06-08T15:40:40","guid":{"rendered":"https:\/\/medicaldiscounter.be\/product\/futuro-attelle-dorsale-stabilisatrice-46815\/"},"modified":"2025-12-11T13:49:08","modified_gmt":"2025-12-11T13:49:08","slug":"futuro-attelle-dorsale-stabilisatrice-46815","status":"publish","type":"product","link":"https:\/\/medicaldiscounter.be\/fr\/produit\/futuro-attelle-dorsale-stabilisatrice-46815\/","title":{"rendered":"FUTURO\u2122 Attelle dorsale stabilisatrice 46815, S\/M (73.6 &#8211; 99.1 cm)"},"content":{"rendered":"<p>D\u00e9couvrez la FUTURO\u2122 Stabilising Back Brace 46815, con\u00e7ue pour un soutien suppl\u00e9mentaire pendant les s\u00e9ances d&#8217;entra\u00eenement et les activit\u00e9s quotidiennes. Ajustez l&#8217;ajustement gr\u00e2ce aux sangles r\u00e9glables et profitez de la construction respirante qui \u00e9vacue la chaleur et l&#8217;humidit\u00e9 pour un confort durable. Restez actif et confortable avec l&#8217;orth\u00e8se dorsale stabilisatrice FUTURO\u2122.  <\/p>\n","protected":false},"excerpt":{"rendered":"<p>FUTURO\u2122 Stabilising Back Brace 46815 : soutien et confort pour votre dos.<\/p>\n","protected":false},"featured_media":19905,"template":"","meta":[],"product_brand":[],"product_cat":[196],"product_tag":[],"class_list":{"0":"post-19728","1":"product","2":"type-product","3":"status-publish","4":"has-post-thumbnail","6":"product_cat-bandage-de-soutien-futuro","8":"first","9":"instock","10":"taxable","11":"shipping-taxable","12":"purchasable","13":"product-type-simple","14":"add-to-wishlist-after_add_to_cart"},"jetpack_sharing_enabled":true,"_links":{"self":[{"href":"https:\/\/medicaldiscounter.be\/fr\/wp-json\/wp\/v2\/product\/19728","targetHints":{"allow":["GET"]}}],"collection":[{"href":"https:\/\/medicaldiscounter.be\/fr\/wp-json\/wp\/v2\/product"}],"about":[{"href":"https:\/\/medicaldiscounter.be\/fr\/wp-json\/wp\/v2\/types\/product"}],"wp:featuredmedia":[{"embeddable":true,"href":"https:\/\/medicaldiscounter.be\/fr\/wp-json\/wp\/v2\/media\/19905"}],"wp:attachment":[{"href":"https:\/\/medicaldiscounter.be\/fr\/wp-json\/wp\/v2\/media?parent=19728"}],"wp:term":[{"taxonomy":"product_brand","embeddable":true,"href":"https:\/\/medicaldiscounter.be\/fr\/wp-json\/wp\/v2\/product_brand?post=19728"},{"taxonomy":"product_cat","embeddable":true,"href":"https:\/\/medicaldiscounter.be\/fr\/wp-json\/wp\/v2\/product_cat?post=19728"},{"taxonomy":"product_tag","embeddable":true,"href":"https:\/\/medicaldiscounter.be\/fr\/wp-json\/wp\/v2\/product_tag?post=19728"}],"curies":[{"name":"wp","href":"https:\/\/api.w.org\/{rel}","templated":true}]}}