{"id":19731,"date":"2025-06-08T15:40:42","date_gmt":"2025-06-08T15:40:42","guid":{"rendered":"https:\/\/medicaldiscounter.be\/product\/futuro-bandage-de-compression-pour-labdomen-46200\/"},"modified":"2025-12-11T13:49:09","modified_gmt":"2025-12-11T13:49:09","slug":"futuro-bandage-de-compression-pour-labdomen-46200","status":"publish","type":"product","link":"https:\/\/medicaldiscounter.be\/fr\/produit\/futuro-bandage-de-compression-pour-labdomen-46200\/","title":{"rendered":"FUTURO\u2122 Bandage de compression pour l&#8217;abdomen 46200, L (106.7 &#8211; 132.1 cm)"},"content":{"rendered":"<p>D\u00e9couvrez le bandage de compression FUTURO\u2122 pour l&#8217;abdomen 46200, une solution confortable et de soutien pour la compression abdominale. Avec un tour de taille de 106,7 \u00e0 132,1 cm, ce bandage offre un ajustement parfait pour un large \u00e9ventail de types de corps. <\/p>\n<p>Le bandage de compression est con\u00e7u pour apporter un soutien \u00e0 la r\u00e9gion abdominale, ce qui peut aider \u00e0 soulager l&#8217;inconfort et \u00e0 am\u00e9liorer la posture. Le mat\u00e9riau \u00e9lastique assure un ajustement confortable tout en fournissant la bonne quantit\u00e9 de compression. <\/p>\n<p>Fabriqu\u00e9 par FUTURO\u2122, une marque de confiance en mati\u00e8re de soutien orthop\u00e9dique, ce bandage offre une qualit\u00e9 et une durabilit\u00e9 \u00e9lev\u00e9es. Le mat\u00e9riau respirant assure le confort m\u00eame en cas de port prolong\u00e9. <\/p>\n<p>Ajoutez le bandage de compression FUTURO\u2122 pour l&#8217;abdomen 46200 \u00e0 votre routine quotidienne pour un soutien fiable et un confort pour la r\u00e9gion abdominale.<\/p>\n","protected":false},"excerpt":{"rendered":"<p>La coupe ajust\u00e9e et les mat\u00e9riaux de haute qualit\u00e9 de ce bandage permettent d&#8217;am\u00e9liorer la posture et de soulager l&#8217;inconfort.<\/p>\n","protected":false},"featured_media":19914,"template":"","meta":[],"product_brand":[],"product_cat":[15],"product_tag":[],"class_list":{"0":"post-19731","1":"product","2":"type-product","3":"status-publish","4":"has-post-thumbnail","6":"product_cat-spuiten-en-naalden","8":"first","9":"instock","10":"sale","11":"taxable","12":"shipping-taxable","13":"purchasable","14":"product-type-simple","15":"add-to-wishlist-after_add_to_cart"},"jetpack_sharing_enabled":true,"_links":{"self":[{"href":"https:\/\/medicaldiscounter.be\/fr\/wp-json\/wp\/v2\/product\/19731","targetHints":{"allow":["GET"]}}],"collection":[{"href":"https:\/\/medicaldiscounter.be\/fr\/wp-json\/wp\/v2\/product"}],"about":[{"href":"https:\/\/medicaldiscounter.be\/fr\/wp-json\/wp\/v2\/types\/product"}],"wp:featuredmedia":[{"embeddable":true,"href":"https:\/\/medicaldiscounter.be\/fr\/wp-json\/wp\/v2\/media\/19914"}],"wp:attachment":[{"href":"https:\/\/medicaldiscounter.be\/fr\/wp-json\/wp\/v2\/media?parent=19731"}],"wp:term":[{"taxonomy":"product_brand","embeddable":true,"href":"https:\/\/medicaldiscounter.be\/fr\/wp-json\/wp\/v2\/product_brand?post=19731"},{"taxonomy":"product_cat","embeddable":true,"href":"https:\/\/medicaldiscounter.be\/fr\/wp-json\/wp\/v2\/product_cat?post=19731"},{"taxonomy":"product_tag","embeddable":true,"href":"https:\/\/medicaldiscounter.be\/fr\/wp-json\/wp\/v2\/product_tag?post=19731"}],"curies":[{"name":"wp","href":"https:\/\/api.w.org\/{rel}","templated":true}]}}