{"id":19739,"date":"2025-06-08T15:40:45","date_gmt":"2025-06-08T15:40:45","guid":{"rendered":"https:\/\/medicaldiscounter.be\/product\/bande-de-fixation-elastique-leukoplast-elastomull\/"},"modified":"2025-12-11T13:49:42","modified_gmt":"2025-12-11T13:49:42","slug":"bande-de-fixation-elastique-leukoplast-elastomull","status":"publish","type":"product","link":"https:\/\/medicaldiscounter.be\/fr\/produit\/bande-de-fixation-elastique-leukoplast-elastomull\/","title":{"rendered":"Bande de fixation \u00e9lastique Leukoplast Elastomull, 4 cm x 4 cm, 02094-00, 20 rouleaux"},"content":{"rendered":"<p>D\u00e9couvrez la bande de fixation \u00e9lastique Leukoplast Elastomull, une solution fiable pour fixer les pansements sur diff\u00e9rentes parties du corps. Avec des dimensions de 4 cm x 4 cm, ce bandage offre souplesse et confort pour une application optimale des pansements. <\/p>\n<p>Gr\u00e2ce \u00e0 la technique de tissage sp\u00e9ciale et \u00e0 l&#8217;utilisation de mat\u00e9riaux de haute qualit\u00e9 tels que le coton, la viscose et le polyamide, Elastomull est \u00e9lastique et confortable. Le bandage est extensible et respirant, ce qui le rend adapt\u00e9 \u00e0 diverses applications. <\/p>\n<p>Qu&#8217;il s&#8217;agisse de fixer des pansements sur les bras, les jambes, les doigts, les orteils, la t\u00eate\/le cou ou le torse, Elastomull assure une fixation solide, m\u00eame sur les parties du corps et les articulations en mouvement.<\/p>\n<p>Ajoutez la bande \u00e9lastique de fixation Leukoplast Elastomull \u00e0 votre mat\u00e9riel de premiers soins pour une application polyvalente et efficace des pansements.<\/p>\n","protected":false},"excerpt":{"rendered":"<p>Bandage de fixation \u00e9lastique Leukoplast Elastomull. Commandez maintenant et profitez de l&#8217;extensibilit\u00e9 et du confort de ce bandage de haute qualit\u00e9. <\/p>\n","protected":false},"featured_media":19923,"template":"","meta":[],"product_brand":[],"product_cat":[196],"product_tag":[],"class_list":{"0":"post-19739","1":"product","2":"type-product","3":"status-publish","4":"has-post-thumbnail","6":"product_cat-bandage-de-soutien-futuro","8":"first","9":"instock","10":"taxable","11":"shipping-taxable","12":"purchasable","13":"product-type-simple","14":"add-to-wishlist-after_add_to_cart"},"jetpack_sharing_enabled":true,"_links":{"self":[{"href":"https:\/\/medicaldiscounter.be\/fr\/wp-json\/wp\/v2\/product\/19739","targetHints":{"allow":["GET"]}}],"collection":[{"href":"https:\/\/medicaldiscounter.be\/fr\/wp-json\/wp\/v2\/product"}],"about":[{"href":"https:\/\/medicaldiscounter.be\/fr\/wp-json\/wp\/v2\/types\/product"}],"wp:featuredmedia":[{"embeddable":true,"href":"https:\/\/medicaldiscounter.be\/fr\/wp-json\/wp\/v2\/media\/19923"}],"wp:attachment":[{"href":"https:\/\/medicaldiscounter.be\/fr\/wp-json\/wp\/v2\/media?parent=19739"}],"wp:term":[{"taxonomy":"product_brand","embeddable":true,"href":"https:\/\/medicaldiscounter.be\/fr\/wp-json\/wp\/v2\/product_brand?post=19739"},{"taxonomy":"product_cat","embeddable":true,"href":"https:\/\/medicaldiscounter.be\/fr\/wp-json\/wp\/v2\/product_cat?post=19739"},{"taxonomy":"product_tag","embeddable":true,"href":"https:\/\/medicaldiscounter.be\/fr\/wp-json\/wp\/v2\/product_tag?post=19739"}],"curies":[{"name":"wp","href":"https:\/\/api.w.org\/{rel}","templated":true}]}}