{"id":21191,"date":"2026-04-30T12:50:05","date_gmt":"2026-04-30T12:50:05","guid":{"rendered":"https:\/\/medicaldiscounter.be\/product\/embecta-seringue-a-insuline-micro-fine-0-3ml-30g-8mm-100-pieces-324825\/"},"modified":"2026-04-30T13:00:12","modified_gmt":"2026-04-30T13:00:12","slug":"embecta-seringue-a-insuline-micro-fine-0-3ml-30g-8mm-100-pieces-324825","status":"publish","type":"product","link":"https:\/\/medicaldiscounter.be\/fr\/produit\/embecta-seringue-a-insuline-micro-fine-0-3ml-30g-8mm-100-pieces-324825\/","title":{"rendered":"Embecta Seringue \u00e0 insuline Micro-Fine 0.5ml 30G 8mm &#8211; 100 pi\u00e8ces (324825)"},"content":{"rendered":"<p data-start=\"781\" data-end=\"1019\">Les <strong data-start=\"784\" data-end=\"842\">seringues \u00e0 insuline Embecta Micro-Fine 0,5 ml (30G &#8211; 8 mm)<\/strong> sont con\u00e7ues pour des <strong data-start=\"863\" data-end=\"913\">injections d&#8217;insuline pr\u00e9cises et confortables<\/strong>. Gr\u00e2ce \u00e0 l&#8217;aiguille ultra-fine 30G, l&#8217;injection devient moins douloureuse, ce qui est id\u00e9al pour un usage quotidien. <\/p>\n<p data-start=\"1021\" data-end=\"1227\">Avec une capacit\u00e9 de 0,5 ml et une \u00e9chelle claire, ces seringues sont parfaites pour un <strong data-start=\"1112\" data-end=\"1152\">dosage pr\u00e9cis de l&#8217;insuline U-100<\/strong>. La longueur de 8 mm assure une injection contr\u00f4l\u00e9e et fiable. <\/p>\n<p data-start=\"1229\" data-end=\"1338\">Ces seringues \u00e0 insuline conviennent aussi bien \u00e0 un <strong data-start=\"1275\" data-end=\"1337\">usage domestique qu&#8217;\u00e0 un usage professionnel dans les \u00e9tablissements de sant\u00e9<\/strong>.<\/p>\n<hr data-start=\"1340\" data-end=\"1343\">\n<h3 data-section-id=\"1jegz9d\" data-start=\"1345\" data-end=\"1360\">  Avantages<\/h3>\n<ul data-start=\"1361\" data-end=\"1542\">\n<li data-section-id=\"e8puyo\" data-start=\"1361\" data-end=\"1402\">Aiguille ultra-fine de 30G pour moins de douleur<\/li>\n<li data-section-id=\"6i2kvb\" data-start=\"1403\" data-end=\"1436\">Dosage pr\u00e9cis (0,5 ml)<\/li>\n<li data-section-id=\"4o5o88\" data-start=\"1437\" data-end=\"1467\">\u00c9chelle claire<\/li>\n<li data-section-id=\"1rmy6ni\" data-start=\"1468\" data-end=\"1507\">Emballage st\u00e9rile pour une utilisation s\u00fbre<\/li>\n<li data-section-id=\"1w0774s\" data-start=\"1508\" data-end=\"1542\">Une qualit\u00e9 m\u00e9dicale fiable<\/li>\n<\/ul>\n<hr data-start=\"1544\" data-end=\"1547\">\n<h3 data-section-id=\"1gbd909\" data-start=\"1549\" data-end=\"1568\">  Applications<\/h3>\n<ul data-start=\"1569\" data-end=\"1632\">\n<li data-section-id=\"1hcpr8h\" data-start=\"1569\" data-end=\"1585\">Soins du diab\u00e8te<\/li>\n<li data-section-id=\"1gl0sv2\" data-start=\"1586\" data-end=\"1602\">Usage domestique<\/li>\n<li data-section-id=\"4xojss\" data-start=\"1603\" data-end=\"1632\">H\u00f4pitaux et cliniques<\/li>\n<\/ul>\n<hr data-start=\"1634\" data-end=\"1637\">\n<h3 data-section-id=\"8f5cij\" data-start=\"1639\" data-end=\"1659\">  Sp\u00e9cifications<\/h3>\n<ul data-start=\"1660\" data-end=\"1862\">\n<li data-section-id=\"35bz2l\" data-start=\"1660\" data-end=\"1678\">Contenu : 0,5 ml<\/li>\n<li data-section-id=\"j8lary\" data-start=\"1679\" data-end=\"1703\">Aiguille : 30G (0.30 mm)<\/li>\n<li data-section-id=\"hi3c57\" data-start=\"1704\" data-end=\"1720\">Longueur : 8 mm<\/li>\n<li data-section-id=\"1uicnwh\" data-start=\"1721\" data-end=\"1760\">Type : Seringue \u00e0 insuline avec aiguille fixe<\/li>\n<li data-section-id=\"ww9m4s\" data-start=\"1761\" data-end=\"1785\">Type d&#8217;insuline : U-100<\/li>\n<li data-section-id=\"1lvtr4e\" data-start=\"1786\" data-end=\"1808\">R\u00e9f\u00e9rence : 324825<\/li>\n<li data-section-id=\"12hofq2\" data-start=\"1809\" data-end=\"1826\">Marque : Embecta<\/li>\n<li data-section-id=\"1orh0f4\" data-start=\"1827\" data-end=\"1862\">Conditionnement : 100 pi\u00e8ces (10 x 10)<\/li>\n<\/ul>\n","protected":false},"excerpt":{"rendered":"<p data-start=\"496\" data-end=\"605\">Seringues \u00e0 insuline Embecta Micro-Fine (0,5 ml &#8211; 30G &#8211; 8 mm) pour des injections d&#8217;insuline pr\u00e9cises et confortables.<\/p>\n<p data-start=\"607\" data-end=\"737\">\u2714 Aiguille ultrafine (30G)<br data-start=\"631\" data-end=\"634\">\u2714 Capacit\u00e9 de 0,5 ml (U-100)<br data-start=\"661\" data-end=\"664\">\u2714 Longueur de 8 mm pour une injection contr\u00f4l\u00e9e<br data-start=\"706\" data-end=\"709\">\u2714 100 unit\u00e9s par paquet<\/p>\n","protected":false},"featured_media":21187,"template":"","meta":[],"product_brand":[],"product_cat":[162],"product_tag":[],"class_list":{"0":"post-21191","1":"product","2":"type-product","3":"status-publish","4":"has-post-thumbnail","6":"product_cat-non-categorise","8":"first","9":"instock","10":"taxable","11":"shipping-taxable","12":"purchasable","13":"product-type-simple","14":"add-to-wishlist-after_add_to_cart"},"jetpack_sharing_enabled":true,"_links":{"self":[{"href":"https:\/\/medicaldiscounter.be\/fr\/wp-json\/wp\/v2\/product\/21191","targetHints":{"allow":["GET"]}}],"collection":[{"href":"https:\/\/medicaldiscounter.be\/fr\/wp-json\/wp\/v2\/product"}],"about":[{"href":"https:\/\/medicaldiscounter.be\/fr\/wp-json\/wp\/v2\/types\/product"}],"wp:featuredmedia":[{"embeddable":true,"href":"https:\/\/medicaldiscounter.be\/fr\/wp-json\/wp\/v2\/media\/21187"}],"wp:attachment":[{"href":"https:\/\/medicaldiscounter.be\/fr\/wp-json\/wp\/v2\/media?parent=21191"}],"wp:term":[{"taxonomy":"product_brand","embeddable":true,"href":"https:\/\/medicaldiscounter.be\/fr\/wp-json\/wp\/v2\/product_brand?post=21191"},{"taxonomy":"product_cat","embeddable":true,"href":"https:\/\/medicaldiscounter.be\/fr\/wp-json\/wp\/v2\/product_cat?post=21191"},{"taxonomy":"product_tag","embeddable":true,"href":"https:\/\/medicaldiscounter.be\/fr\/wp-json\/wp\/v2\/product_tag?post=21191"}],"curies":[{"name":"wp","href":"https:\/\/api.w.org\/{rel}","templated":true}]}}