{"id":21245,"date":"2026-05-06T18:42:06","date_gmt":"2026-05-06T18:42:06","guid":{"rendered":"https:\/\/medicaldiscounter.be\/product\/leukopor-platre-adhesif-25-cm-x-9-m-12-rouleaux-02454-00\/"},"modified":"2026-05-06T19:23:06","modified_gmt":"2026-05-06T19:23:06","slug":"leukopor-platre-adhesif-25-cm-x-9-m-12-rouleaux-02454-00","status":"publish","type":"product","link":"https:\/\/medicaldiscounter.be\/fr\/produit\/leukopor-platre-adhesif-25-cm-x-9-m-12-rouleaux-02454-00\/","title":{"rendered":"Leukopor Pl\u00e2tre adh\u00e9sif 2,5 cm x 9 m &#8211; 12 rouleaux (02454-00)"},"content":{"rendered":"<p>Vous recherchez un pansement adh\u00e9sif fiable et doux pour la peau ? Les sparadraps de suture Leukopor sont le choix id\u00e9al pour fixer les pansements, en particulier pour les personnes \u00e0 la peau sensible. Le sparadrap est compos\u00e9 d&#8217;un tissu fin et blanc qui laisse passer l&#8217;air et la vapeur d&#8217;eau, ce qui permet \u00e0 la peau de respirer correctement.  <\/p>\n<p>Ce sparadrap de fixation adh\u00e8re bien, mais il est \u00e9galement tr\u00e8s facile \u00e0 retirer sans douleur. Comme le sparadrap est d\u00e9chirable, vous n&#8217;avez pas besoin de ciseaux pour lui donner la bonne longueur. Que vous deviez fixer une petite gaze ou un bandage plus large, avec ce lot de 12 rouleaux, vous aurez toujours le bon support \u00e0 port\u00e9e de main.  <\/p>\n<h3>Avantages<\/h3>\n<ul>\n<li>Tr\u00e8s doux pour la peau et hypoallerg\u00e9nique.<\/li>\n<li>Facile \u00e0 d\u00e9chirer \u00e0 la main (pas besoin de ciseaux).<\/li>\n<li>Permet \u00e0 la peau de respirer pour une r\u00e9cup\u00e9ration plus rapide.<\/li>\n<li>Retrait sans douleur et sans r\u00e9sidu de colle.<\/li>\n<\/ul>\n<h3>Applications<\/h3>\n<ul>\n<li>Fixation des compresses et des pansements.<\/li>\n<li>Id\u00e9al pour les peaux tr\u00e8s sensibles ou fines.<\/li>\n<li>Convient pour une utilisation \u00e0 long terme au m\u00eame endroit.<\/li>\n<li>Parfait pour les b\u00e9b\u00e9s, les personnes \u00e2g\u00e9es et les personnes allergiques.<\/li>\n<\/ul>\n<h3>Sp\u00e9cifications<\/h3>\n<ul>\n<li><strong>Taille :<\/strong> 2,5 cm x 9 m<\/li>\n<li><strong>Mat\u00e9riau :<\/strong> Non-tiss\u00e9<\/li>\n<li><strong>Couleur :<\/strong> blanc<\/li>\n<li><strong>R\u00e9f\u00e9rence : 02454-00<\/strong> <\/li>\n<li><strong>Marque :<\/strong> Leukopor<\/li>\n<li><strong>Conditionnement :<\/strong> 12 rouleaux<\/li>\n<\/ul>\n<p><strong>Disponible directement sur stock<\/strong><br \/>\n<strong>Commandez maintenant et d\u00e9couvrez la commodit\u00e9 de Leukopor !<\/strong><br \/>\n\u2714 Livraison rapide<br \/>\n\u2714 Livraison gratuite \u00e0 partir de \u20ac39<br \/>\n\u2714 Qualit\u00e9 m\u00e9dicale garantie<\/p>\n","protected":false},"excerpt":{"rendered":"<p>Les <strong>patchs adh\u00e9sifs Leukopor<\/strong> offrent une fixation douce et fiable pour les peaux sensibles. Mat\u00e9riau respirant pour un confort optimal de la peau. <\/p>\n<ul>\n<li>\u2714 <strong>Hypoallerg\u00e9nique :<\/strong> Extr\u00eamement doux pour la peau.<\/li>\n<li>\u2714 <strong>Pratique :<\/strong> facile \u00e0 d\u00e9chirer \u00e0 la main.<\/li>\n<li><strong>\u2714 Forte adh\u00e9rence :<\/strong> colle de mani\u00e8re fiable.<\/li>\n<li>\u2714 <strong>\u00c9conomique :<\/strong> Prix net par 12 rouleaux.<\/li>\n<\/ul>\n","protected":false},"featured_media":21253,"template":"","meta":[],"product_brand":[],"product_cat":[213,212,214],"product_tag":[],"class_list":{"0":"post-21245","1":"product","2":"type-product","3":"status-publish","4":"has-post-thumbnail","6":"product_cat-pansements-adhesifs","7":"product_cat-pansements-de-fixation","8":"product_cat-pansements-de-fixation-fr","10":"first","11":"instock","12":"sale","13":"taxable","14":"shipping-taxable","15":"purchasable","16":"product-type-simple","17":"add-to-wishlist-after_add_to_cart"},"jetpack_sharing_enabled":true,"_links":{"self":[{"href":"https:\/\/medicaldiscounter.be\/fr\/wp-json\/wp\/v2\/product\/21245","targetHints":{"allow":["GET"]}}],"collection":[{"href":"https:\/\/medicaldiscounter.be\/fr\/wp-json\/wp\/v2\/product"}],"about":[{"href":"https:\/\/medicaldiscounter.be\/fr\/wp-json\/wp\/v2\/types\/product"}],"wp:featuredmedia":[{"embeddable":true,"href":"https:\/\/medicaldiscounter.be\/fr\/wp-json\/wp\/v2\/media\/21253"}],"wp:attachment":[{"href":"https:\/\/medicaldiscounter.be\/fr\/wp-json\/wp\/v2\/media?parent=21245"}],"wp:term":[{"taxonomy":"product_brand","embeddable":true,"href":"https:\/\/medicaldiscounter.be\/fr\/wp-json\/wp\/v2\/product_brand?post=21245"},{"taxonomy":"product_cat","embeddable":true,"href":"https:\/\/medicaldiscounter.be\/fr\/wp-json\/wp\/v2\/product_cat?post=21245"},{"taxonomy":"product_tag","embeddable":true,"href":"https:\/\/medicaldiscounter.be\/fr\/wp-json\/wp\/v2\/product_tag?post=21245"}],"curies":[{"name":"wp","href":"https:\/\/api.w.org\/{rel}","templated":true}]}}